{"id":615,"date":"2023-05-16T15:56:13","date_gmt":"2023-05-16T15:56:13","guid":{"rendered":"https:\/\/science351.pt\/?page_id=615"},"modified":"2024-01-17T10:46:21","modified_gmt":"2024-01-17T10:46:21","slug":"noticias","status":"publish","type":"page","link":"https:\/\/science351.pt\/en\/noticias\/","title":{"rendered":"News"},"content":{"rendered":"<div data-elementor-type=\"wp-page\" data-elementor-id=\"615\" class=\"elementor elementor-615\">\n\t\t\t\t\t\t\t\t\t<section class=\"elementor-section elementor-top-section elementor-element elementor-element-680989ca elementor-section-height-min-height elementor-section-full_width elementor-section-height-default elementor-section-items-middle\" data-id=\"680989ca\" data-element_type=\"section\" data-settings=\"{&quot;background_background&quot;:&quot;gradient&quot;}\">\n\t\t\t\t\t\t\t<div class=\"elementor-background-overlay\"><\/div>\n\t\t\t\t\t\t\t<div class=\"elementor-container elementor-column-gap-default\">\n\t\t\t\t\t<div class=\"elementor-column elementor-col-100 elementor-top-column elementor-element elementor-element-4567794f elementor-invisible\" data-id=\"4567794f\" data-element_type=\"column\" data-settings=\"{&quot;background_background&quot;:&quot;classic&quot;,&quot;animation&quot;:&quot;fadeInUp&quot;}\">\n\t\t\t<div class=\"elementor-widget-wrap elementor-element-populated\">\n\t\t\t\t\t<div class=\"elementor-background-overlay\"><\/div>\n\t\t\t\t\t\t\t\t<div class=\"elementor-element elementor-element-f0307db elementor-widget elementor-widget-heading\" data-id=\"f0307db\" data-element_type=\"widget\" data-widget_type=\"heading.default\">\n\t\t\t\t<div class=\"elementor-widget-container\">\n\t\t\t<style>\/*! elementor - v3.16.0 - 09-10-2023 *\/\n.elementor-heading-title{padding:0;margin:0;line-height:1}.elementor-widget-heading .elementor-heading-title[class*=elementor-size-]>a{color:inherit;font-size:inherit;line-height:inherit}.elementor-widget-heading .elementor-heading-title.elementor-size-small{font-size:15px}.elementor-widget-heading .elementor-heading-title.elementor-size-medium{font-size:19px}.elementor-widget-heading .elementor-heading-title.elementor-size-large{font-size:29px}.elementor-widget-heading .elementor-heading-title.elementor-size-xl{font-size:39px}.elementor-widget-heading .elementor-heading-title.elementor-size-xxl{font-size:59px}<\/style><h1 class=\"elementor-heading-title elementor-size-default\">News<\/h1>\t\t<\/div>\n\t\t\t\t<\/div>\n\t\t\t\t\t<\/div>\n\t\t<\/div>\n\t\t\t\t\t\t\t<\/div>\n\t\t<\/section>\n\t\t\t\t<section class=\"elementor-section elementor-top-section elementor-element elementor-element-5e35f462 elementor-reverse-tablet elementor-reverse-mobile elementor-section-boxed elementor-section-height-default elementor-section-height-default elementor-invisible\" data-id=\"5e35f462\" data-element_type=\"section\" data-settings=\"{&quot;animation&quot;:&quot;fadeInUp&quot;}\">\n\t\t\t\t\t\t<div class=\"elementor-container elementor-column-gap-default\">\n\t\t\t\t\t<div class=\"elementor-column elementor-col-50 elementor-top-column elementor-element elementor-element-304b5a4d elementor-hidden-tablet elementor-hidden-mobile\" data-id=\"304b5a4d\" data-element_type=\"column\">\n\t\t\t<div class=\"elementor-widget-wrap elementor-element-populated\">\n\t\t\t\t\t\t\t\t<div class=\"elementor-element elementor-element-e2be5da elementor-widget elementor-widget-jkit_post_list\" data-id=\"e2be5da\" data-element_type=\"widget\" data-widget_type=\"jkit_post_list.default\">\n\t\t\t\t<div class=\"elementor-widget-container\">\n\t\t\t<div  class=\"jeg-elementor-kit jkit-postlist layout-vertical post-element jkit-pagination-disable jeg_module___69dfe93a7d47a\"  data-id=\"jeg_module___69dfe93a7d47a\" data-settings=\"{&quot;post_type&quot;:&quot;post&quot;,&quot;number_post&quot;:{&quot;unit&quot;:&quot;px&quot;,&quot;size&quot;:30,&quot;sizes&quot;:[]},&quot;post_offset&quot;:0,&quot;unique_content&quot;:&quot;disable&quot;,&quot;include_post&quot;:&quot;&quot;,&quot;exclude_post&quot;:&quot;&quot;,&quot;include_category&quot;:&quot;7&quot;,&quot;exclude_category&quot;:&quot;&quot;,&quot;include_author&quot;:&quot;&quot;,&quot;include_tag&quot;:&quot;&quot;,&quot;exclude_tag&quot;:&quot;&quot;,&quot;sort_by&quot;:&quot;alphabet_asc&quot;,&quot;pagination_mode&quot;:&quot;disable&quot;,&quot;pagination_loadmore_text&quot;:&quot;Load More&quot;,&quot;pagination_loading_text&quot;:&quot;Loading...&quot;,&quot;pagination_number_post&quot;:{&quot;unit&quot;:&quot;px&quot;,&quot;size&quot;:3,&quot;sizes&quot;:[]},&quot;pagination_scroll_limit&quot;:0,&quot;pagination_icon&quot;:{&quot;value&quot;:&quot;&quot;,&quot;library&quot;:&quot;&quot;},&quot;pagination_icon_position&quot;:&quot;before&quot;,&quot;sg_content_layout&quot;:&quot;vertical&quot;,&quot;sg_content_image_enable&quot;:0,&quot;sg_content_background_image_enable&quot;:0,&quot;sg_content_icon_enable&quot;:&quot;&quot;,&quot;sg_content_icon&quot;:{&quot;value&quot;:&quot;fas fa-circle&quot;,&quot;library&quot;:&quot;fa-solid&quot;},&quot;sg_content_meta_enable&quot;:0,&quot;sg_content_meta_date_enable&quot;:0,&quot;sg_content_meta_date_type&quot;:&quot;published&quot;,&quot;sg_content_meta_date_format&quot;:&quot;default&quot;,&quot;sg_content_meta_date_format_custom&quot;:&quot;d\\\/m\\\/Y&quot;,&quot;sg_content_meta_date_icon&quot;:{&quot;value&quot;:&quot;fas fa-clock&quot;,&quot;library&quot;:&quot;fa-solid&quot;},&quot;sg_content_meta_category_enable&quot;:0,&quot;sg_content_meta_category_icon&quot;:{&quot;value&quot;:&quot;fas fa-tag&quot;,&quot;library&quot;:&quot;fa-solid&quot;},&quot;sg_content_meta_position&quot;:&quot;top&quot;,&quot;sg_content_image_size_imagesize_size&quot;:&quot;large&quot;,&quot;paged&quot;:1,&quot;class&quot;:&quot;jkit_post_list&quot;}\"><div class=\"jkit-block-container\"><div class=\"jkit-posts jkit-ajax-flag\">\n            <article class=\"jkit-post post-list-item\">\n                <a href=\"https:\/\/science351.pt\/en\/algas-uma-transformacao-nutricional-e-sustentavel-na-alimentacao\/\" >\n                    \n                    <div class=\"jkit-postlist-content\"><span class=\"jkit-postlist-title\">Algae - A Nutritional and Sustainable Transformation in Food<\/span><\/div>\n                <\/a>\n            <\/article><article class=\"jkit-post post-list-item\">\n                <a href=\"https:\/\/science351.pt\/en\/biopolimeros-provenientes-de-residuos\/\" >\n                    \n                    <div class=\"jkit-postlist-content\"><span class=\"jkit-postlist-title\">Biopolymers from waste<\/span><\/div>\n                <\/a>\n            <\/article><article class=\"jkit-post post-list-item\">\n                <a href=\"https:\/\/science351.pt\/en\/como-reduzir-os-riscos-e-a-incerteza-do-seu-projeto-de-inovacao\/\" >\n                    \n                    <div class=\"jkit-postlist-content\"><span class=\"jkit-postlist-title\">How to Reduce Risks and Uncertainty in Your Innovation Project?<\/span><\/div>\n                <\/a>\n            <\/article><article class=\"jkit-post post-list-item\">\n                <a href=\"https:\/\/science351.pt\/en\/etilcelulose-um-olhar-critico-sobre-as-suas-propriedades\/\" >\n                    \n                    <div class=\"jkit-postlist-content\"><span class=\"jkit-postlist-title\">Etilcelulose &#8211; Um olhar cr\u00edtico sobre as suas propriedades<\/span><\/div>\n                <\/a>\n            <\/article><article class=\"jkit-post post-list-item\">\n                <a href=\"https:\/\/science351.pt\/en\/residuos-texteis-materiais-compositos-sustentaveis\/\" >\n                    \n                    <div class=\"jkit-postlist-content\"><span class=\"jkit-postlist-title\">Textile Waste - Sustainable Composite Materials<\/span><\/div>\n                <\/a>\n            <\/article><article class=\"jkit-post post-list-item\">\n                <a href=\"https:\/\/science351.pt\/en\/tensioactivos-inovadores-a-base-de-acucar\/\" >\n                    \n                    <div class=\"jkit-postlist-content\"><span class=\"jkit-postlist-title\">Innovative sugar-based surfactants<\/span><\/div>\n                <\/a>\n            <\/article>\n        <\/div><\/div><\/div>\t\t<\/div>\n\t\t\t\t<\/div>\n\t\t\t\t\t<\/div>\n\t\t<\/div>\n\t\t\t\t<div class=\"elementor-column elementor-col-50 elementor-top-column elementor-element elementor-element-57222571\" data-id=\"57222571\" data-element_type=\"column\" data-settings=\"{&quot;background_background&quot;:&quot;classic&quot;}\">\n\t\t\t<div class=\"elementor-widget-wrap elementor-element-populated\">\n\t\t\t\t\t\t\t\t<div class=\"elementor-element elementor-element-6a0c7d1e elementor-widget__width-initial elementor-widget elementor-widget-jkit_post_block\" data-id=\"6a0c7d1e\" data-element_type=\"widget\" data-widget_type=\"jkit_post_block.default\">\n\t\t\t\t<div class=\"elementor-widget-container\">\n\t\t\t<div  class=\"jeg-elementor-kit jkit-postblock postblock-type-2 jkit-pagination-disable post-element jeg_module__1_69dfe93a82f41\"  data-id=\"jeg_module__1_69dfe93a82f41\" data-settings=\"{&quot;post_type&quot;:&quot;post&quot;,&quot;number_post&quot;:{&quot;unit&quot;:&quot;px&quot;,&quot;size&quot;:30,&quot;sizes&quot;:[]},&quot;post_offset&quot;:0,&quot;unique_content&quot;:&quot;disable&quot;,&quot;include_post&quot;:&quot;&quot;,&quot;exclude_post&quot;:&quot;&quot;,&quot;include_category&quot;:&quot;8,7&quot;,&quot;exclude_category&quot;:&quot;&quot;,&quot;include_author&quot;:&quot;&quot;,&quot;include_tag&quot;:&quot;&quot;,&quot;exclude_tag&quot;:&quot;&quot;,&quot;sort_by&quot;:&quot;latest&quot;,&quot;pagination_mode&quot;:&quot;disable&quot;,&quot;pagination_loadmore_text&quot;:&quot;Load More&quot;,&quot;pagination_loading_text&quot;:&quot;Loading...&quot;,&quot;pagination_number_post&quot;:{&quot;unit&quot;:&quot;px&quot;,&quot;size&quot;:3,&quot;sizes&quot;:[]},&quot;pagination_scroll_limit&quot;:0,&quot;pagination_icon&quot;:{&quot;value&quot;:&quot;&quot;,&quot;library&quot;:&quot;&quot;},&quot;pagination_icon_position&quot;:&quot;before&quot;,&quot;st_category_position&quot;:&quot;center&quot;,&quot;sg_content_postblock_type&quot;:&quot;type-2&quot;,&quot;sg_content_element_order&quot;:&quot;title,excerpt&quot;,&quot;sg_content_breakpoint&quot;:&quot;tablet&quot;,&quot;sg_content_title_html_tag&quot;:&quot;h3&quot;,&quot;sg_content_category_enable&quot;:&quot;&quot;,&quot;sg_content_excerpt_enable&quot;:&quot;yes&quot;,&quot;sg_content_excerpt_length&quot;:{&quot;unit&quot;:&quot;px&quot;,&quot;size&quot;:15,&quot;sizes&quot;:[]},&quot;sg_content_excerpt_more&quot;:&quot;...&quot;,&quot;sg_content_readmore_enable&quot;:&quot;&quot;,&quot;sg_content_readmore_icon&quot;:{&quot;value&quot;:&quot;fas fa-arrow-right&quot;,&quot;library&quot;:&quot;fa-solid&quot;},&quot;sg_content_readmore_icon_position&quot;:&quot;after&quot;,&quot;sg_content_readmore_text&quot;:&quot;Read More&quot;,&quot;sg_content_comment_enable&quot;:&quot;&quot;,&quot;sg_content_comment_icon&quot;:{&quot;value&quot;:&quot;fas fa-comment&quot;,&quot;library&quot;:&quot;fa-solid&quot;},&quot;sg_content_comment_icon_position&quot;:&quot;before&quot;,&quot;sg_content_meta_enable&quot;:&quot;&quot;,&quot;sg_content_meta_author_enable&quot;:&quot;&quot;,&quot;sg_content_meta_author_by_text&quot;:&quot;by&quot;,&quot;sg_content_meta_author_icon&quot;:{&quot;value&quot;:&quot;fas fa-user&quot;,&quot;library&quot;:&quot;fa-solid&quot;},&quot;sg_content_meta_author_icon_position&quot;:&quot;before&quot;,&quot;sg_content_meta_date_enable&quot;:&quot;yes&quot;,&quot;sg_content_meta_date_type&quot;:&quot;published&quot;,&quot;sg_content_meta_date_format&quot;:&quot;default&quot;,&quot;sg_content_meta_date_format_custom&quot;:&quot;d\\\/m\\\/Y&quot;,&quot;sg_content_meta_date_icon&quot;:{&quot;value&quot;:&quot;fas fa-clock&quot;,&quot;library&quot;:&quot;fa-solid&quot;},&quot;sg_content_meta_date_icon_position&quot;:&quot;before&quot;,&quot;sg_content_image_size_imagesize_size&quot;:&quot;full&quot;,&quot;paged&quot;:1,&quot;class&quot;:&quot;jkit_post_block&quot;}\"><div class=\"jkit-block-container\"><div class=\"jkit-posts jkit-ajax-flag\">\n            <article class=\"jkit-post post-3984 post type-post status-publish format-standard has-post-thumbnail hentry category-noticias tag-id tag-innovation tag-inovacao tag-rd tag-solucoes-sustentaveis tag-sustentabilidade\">\n                    <div class=\"jkit-thumb\"><a href=\"https:\/\/science351.pt\/en\/etilcelulose-um-olhar-critico-sobre-as-suas-propriedades\/\"><div class=\"thumbnail-container\">\n            <img loading=\"lazy\" decoding=\"async\" width=\"2560\" height=\"1920\" src=\"https:\/\/science351.pt\/wp-content\/uploads\/Seafilm-Capa-Not1-scaled.jpg\" class=\"attachment-full size-full wp-post-image\" alt=\"\" srcset=\"https:\/\/science351.pt\/wp-content\/uploads\/Seafilm-Capa-Not1-scaled.jpg 2560w, https:\/\/science351.pt\/wp-content\/uploads\/Seafilm-Capa-Not1-300x225.jpg 300w, https:\/\/science351.pt\/wp-content\/uploads\/Seafilm-Capa-Not1-1024x768.jpg 1024w, https:\/\/science351.pt\/wp-content\/uploads\/Seafilm-Capa-Not1-768x576.jpg 768w, https:\/\/science351.pt\/wp-content\/uploads\/Seafilm-Capa-Not1-1536x1152.jpg 1536w, https:\/\/science351.pt\/wp-content\/uploads\/Seafilm-Capa-Not1-2048x1536.jpg 2048w, https:\/\/science351.pt\/wp-content\/uploads\/Seafilm-Capa-Not1-16x12.jpg 16w\" sizes=\"(max-width: 2560px) 100vw, 2560px\" \/>\n        <\/div><\/a><\/div>\n                    <div class=\"jkit-postblock-content\"><h3 class=\"jkit-post-title\">\n\t\t\t\t\t\t\t<a href=\"https:\/\/science351.pt\/en\/etilcelulose-um-olhar-critico-sobre-as-suas-propriedades\/\">Etilcelulose &#8211; Um olhar cr\u00edtico sobre as suas propriedades<\/a>\n\t\t\t\t\t\t<\/h3><div class=\"jkit-post-excerpt\"><p>Etilcelulose A etilcelulose \u00e9 sintetizada por uma rea\u00e7\u00e3o de eterifica\u00e7\u00e3o a partir da celulose, onde...<\/p><\/div><\/div>\n                <\/article><article class=\"jkit-post post-3714 post type-post status-publish format-standard has-post-thumbnail hentry category-noticias tag-compositos-sustentaveis tag-gestao-de-residuos tag-innovation tag-inovacao tag-residuos-texteis tag-sustainable-composites tag-textile-waste tag-waste-management\">\n                    <div class=\"jkit-thumb\"><a href=\"https:\/\/science351.pt\/en\/residuos-texteis-materiais-compositos-sustentaveis\/\"><div class=\"thumbnail-container\">\n            <img loading=\"lazy\" decoding=\"async\" width=\"900\" height=\"600\" src=\"https:\/\/science351.pt\/wp-content\/uploads\/residuos_texteis.png\" class=\"attachment-full size-full wp-post-image\" alt=\"\" srcset=\"https:\/\/science351.pt\/wp-content\/uploads\/residuos_texteis.png 900w, https:\/\/science351.pt\/wp-content\/uploads\/residuos_texteis-300x200.png 300w, https:\/\/science351.pt\/wp-content\/uploads\/residuos_texteis-768x512.png 768w, https:\/\/science351.pt\/wp-content\/uploads\/residuos_texteis-18x12.png 18w\" sizes=\"(max-width: 900px) 100vw, 900px\" \/>\n        <\/div><\/a><\/div>\n                    <div class=\"jkit-postblock-content\"><h3 class=\"jkit-post-title\">\n\t\t\t\t\t\t\t<a href=\"https:\/\/science351.pt\/en\/residuos-texteis-materiais-compositos-sustentaveis\/\">Textile Waste - Sustainable Composite Materials<\/a>\n\t\t\t\t\t\t<\/h3><div class=\"jkit-post-excerpt\"><p>The pursuit of more sustainable methods has driven significant innovations in materials science, particularly...<\/p><\/div><\/div>\n                <\/article><article class=\"jkit-post post-3612 post type-post status-publish format-standard has-post-thumbnail hentry category-noticias tag-algae tag-algas tag-alimentos-funcionais tag-functional-foods tag-innovation tag-inovacao tag-vegan\">\n                    <div class=\"jkit-thumb\"><a href=\"https:\/\/science351.pt\/en\/algas-uma-transformacao-nutricional-e-sustentavel-na-alimentacao\/\"><div class=\"thumbnail-container\">\n            <img loading=\"lazy\" decoding=\"async\" width=\"900\" height=\"600\" src=\"https:\/\/science351.pt\/wp-content\/uploads\/algae_artigo.png\" class=\"attachment-full size-full wp-post-image\" alt=\"\" srcset=\"https:\/\/science351.pt\/wp-content\/uploads\/algae_artigo.png 900w, https:\/\/science351.pt\/wp-content\/uploads\/algae_artigo-300x200.png 300w, https:\/\/science351.pt\/wp-content\/uploads\/algae_artigo-768x512.png 768w, https:\/\/science351.pt\/wp-content\/uploads\/algae_artigo-18x12.png 18w\" sizes=\"(max-width: 900px) 100vw, 900px\" \/>\n        <\/div><\/a><\/div>\n                    <div class=\"jkit-postblock-content\"><h3 class=\"jkit-post-title\">\n\t\t\t\t\t\t\t<a href=\"https:\/\/science351.pt\/en\/algas-uma-transformacao-nutricional-e-sustentavel-na-alimentacao\/\">Algae - A Nutritional and Sustainable Transformation in Food<\/a>\n\t\t\t\t\t\t<\/h3><div class=\"jkit-post-excerpt\"><p>The innovation of Science 351 in the food sector has led to the creation of algae-based ham...<\/p><\/div><\/div>\n                <\/article><article class=\"jkit-post post-3569 post type-post status-publish format-standard has-post-thumbnail hentry category-noticias tag-biopolimeros tag-innovation tag-inovacao tag-management tag-residuos tag-waste\">\n                    <div class=\"jkit-thumb\"><a href=\"https:\/\/science351.pt\/en\/biopolimeros-provenientes-de-residuos\/\"><div class=\"thumbnail-container\">\n            <img loading=\"lazy\" decoding=\"async\" width=\"900\" height=\"600\" src=\"https:\/\/science351.pt\/wp-content\/uploads\/biopolimeros.png\" class=\"attachment-full size-full wp-post-image\" alt=\"\" srcset=\"https:\/\/science351.pt\/wp-content\/uploads\/biopolimeros.png 900w, https:\/\/science351.pt\/wp-content\/uploads\/biopolimeros-300x200.png 300w, https:\/\/science351.pt\/wp-content\/uploads\/biopolimeros-768x512.png 768w, https:\/\/science351.pt\/wp-content\/uploads\/biopolimeros-18x12.png 18w\" sizes=\"(max-width: 900px) 100vw, 900px\" \/>\n        <\/div><\/a><\/div>\n                    <div class=\"jkit-postblock-content\"><h3 class=\"jkit-post-title\">\n\t\t\t\t\t\t\t<a href=\"https:\/\/science351.pt\/en\/biopolimeros-provenientes-de-residuos\/\">Biopolymers from waste<\/a>\n\t\t\t\t\t\t<\/h3><div class=\"jkit-post-excerpt\"><p>Biopolymers are emerging as a promising solution to the environmental challenges posed by...<\/p><\/div><\/div>\n                <\/article><article class=\"jkit-post post-3420 post type-post status-publish format-standard has-post-thumbnail hentry category-noticias tag-innovation tag-inovacao-surfactants tag-tensioactivos\">\n                    <div class=\"jkit-thumb\"><a href=\"https:\/\/science351.pt\/en\/tensioactivos-inovadores-a-base-de-acucar\/\"><div class=\"thumbnail-container\">\n            <img loading=\"lazy\" decoding=\"async\" width=\"900\" height=\"600\" src=\"https:\/\/science351.pt\/wp-content\/uploads\/artigo_tensioativos.png\" class=\"attachment-full size-full wp-post-image\" alt=\"\" srcset=\"https:\/\/science351.pt\/wp-content\/uploads\/artigo_tensioativos.png 900w, https:\/\/science351.pt\/wp-content\/uploads\/artigo_tensioativos-300x200.png 300w, https:\/\/science351.pt\/wp-content\/uploads\/artigo_tensioativos-768x512.png 768w, https:\/\/science351.pt\/wp-content\/uploads\/artigo_tensioativos-18x12.png 18w\" sizes=\"(max-width: 900px) 100vw, 900px\" \/>\n        <\/div><\/a><\/div>\n                    <div class=\"jkit-postblock-content\"><h3 class=\"jkit-post-title\">\n\t\t\t\t\t\t\t<a href=\"https:\/\/science351.pt\/en\/tensioactivos-inovadores-a-base-de-acucar\/\">Innovative sugar-based surfactants<\/a>\n\t\t\t\t\t\t<\/h3><div class=\"jkit-post-excerpt\"><p>Science 351 is at the forefront of a significant breakthrough in sugar-based surfactant...<\/p><\/div><\/div>\n                <\/article><article class=\"jkit-post post-602 post type-post status-publish format-standard has-post-thumbnail hentry category-noticias tag-apoios-fiscais tag-inovacao tag-sifide tag-viabilidade\">\n                    <div class=\"jkit-thumb\"><a href=\"https:\/\/science351.pt\/en\/como-reduzir-os-riscos-e-a-incerteza-do-seu-projeto-de-inovacao\/\"><div class=\"thumbnail-container\">\n            <img loading=\"lazy\" decoding=\"async\" width=\"900\" height=\"600\" src=\"https:\/\/science351.pt\/wp-content\/uploads\/target-inovacao-disruptiva.jpeg\" class=\"attachment-full size-full wp-post-image\" alt=\"\" srcset=\"https:\/\/science351.pt\/wp-content\/uploads\/target-inovacao-disruptiva.jpeg 900w, https:\/\/science351.pt\/wp-content\/uploads\/target-inovacao-disruptiva-300x200.jpeg 300w, https:\/\/science351.pt\/wp-content\/uploads\/target-inovacao-disruptiva-768x512.jpeg 768w, https:\/\/science351.pt\/wp-content\/uploads\/target-inovacao-disruptiva-18x12.jpeg 18w\" sizes=\"(max-width: 900px) 100vw, 900px\" \/>\n        <\/div><\/a><\/div>\n                    <div class=\"jkit-postblock-content\"><h3 class=\"jkit-post-title\">\n\t\t\t\t\t\t\t<a href=\"https:\/\/science351.pt\/en\/como-reduzir-os-riscos-e-a-incerteza-do-seu-projeto-de-inovacao\/\">How to Reduce Risks and Uncertainty in Your Innovation Project?<\/a>\n\t\t\t\t\t\t<\/h3><div class=\"jkit-post-excerpt\"><p>Uncertainty is an inherent element of the future and, in new contexts such as innovation or...<\/p><\/div><\/div>\n                <\/article>\n        <\/div><\/div><\/div>\t\t<\/div>\n\t\t\t\t<\/div>\n\t\t\t\t\t<\/div>\n\t\t<\/div>\n\t\t\t\t\t\t\t<\/div>\n\t\t<\/section>\n\t\t\t\t\t\t\t<\/div>","protected":false},"excerpt":{"rendered":"<p>Not\u00edcias Como reduzir os riscos e a incerteza do seu projeto de inova\u00e7\u00e3o? edit post Como reduzir os riscos e a incerteza do seu projeto de inova\u00e7\u00e3o? A incerteza \u00e9 um elemento inerente ao futuro e, em novos contextos, como inova\u00e7\u00e3o ou&#8230;<\/p>","protected":false},"author":1,"featured_media":0,"parent":0,"menu_order":0,"comment_status":"closed","ping_status":"closed","template":"elementor_header_footer","meta":{"inline_featured_image":false,"footnotes":""},"aioseo_notices":[],"_links":{"self":[{"href":"https:\/\/science351.pt\/en\/wp-json\/wp\/v2\/pages\/615"}],"collection":[{"href":"https:\/\/science351.pt\/en\/wp-json\/wp\/v2\/pages"}],"about":[{"href":"https:\/\/science351.pt\/en\/wp-json\/wp\/v2\/types\/page"}],"author":[{"embeddable":true,"href":"https:\/\/science351.pt\/en\/wp-json\/wp\/v2\/users\/1"}],"replies":[{"embeddable":true,"href":"https:\/\/science351.pt\/en\/wp-json\/wp\/v2\/comments?post=615"}],"version-history":[{"count":19,"href":"https:\/\/science351.pt\/en\/wp-json\/wp\/v2\/pages\/615\/revisions"}],"predecessor-version":[{"id":2975,"href":"https:\/\/science351.pt\/en\/wp-json\/wp\/v2\/pages\/615\/revisions\/2975"}],"wp:attachment":[{"href":"https:\/\/science351.pt\/en\/wp-json\/wp\/v2\/media?parent=615"}],"curies":[{"name":"wp","href":"https:\/\/api.w.org\/{rel}","templated":true}]}}